{"id":6004,"date":"2024-10-03T13:04:24","date_gmt":"2024-10-03T11:04:24","guid":{"rendered":"https:\/\/whiskywahn.de\/?page_id=6004"},"modified":"2024-10-03T22:13:01","modified_gmt":"2024-10-03T20:13:01","slug":"banff","status":"publish","type":"page","link":"https:\/\/whiskywahn.de\/?page_id=6004","title":{"rendered":":: Banff"},"content":{"rendered":"<p><strong><img loading=\"lazy\" decoding=\"async\" class=\"alignleft size-full wp-image-5953\" src=\"https:\/\/whiskywahn.de\/wp-content\/uploads\/2024\/07\/Banff_TD1975_300.jpg\" alt=\"\" width=\"300\" height=\"300\" srcset=\"https:\/\/whiskywahn.de\/wp-content\/uploads\/2024\/07\/Banff_TD1975_300.jpg 300w, https:\/\/whiskywahn.de\/wp-content\/uploads\/2024\/07\/Banff_TD1975_300-150x150.jpg 150w\" sizes=\"auto, (max-width: 300px) 100vw, 300px\" \/><\/strong><\/p>\n<h5>Duncan Taylor 1975<\/h5>\n<p><strong>Alkoholgehalt:<\/strong> 42.8%<\/p>\n<p><strong>Abf\u00fcller<\/strong>: Duncan Taylor<br \/><br class=\"clear\"><br class=\"clear\"><\/p>\n<h5><a href=\"http:\/\/www.whiskywahn.de\/?attachment_id=4862\" rel=\"attachment wp-att-4862\"><img loading=\"lazy\" decoding=\"async\" class=\"alignleft size-full wp-image-4862\" src=\"http:\/\/www.whiskywahn.de\/wp-content\/uploads\/2019\/05\/BAnff_1971_300.jpg\" alt=\"\" width=\"300\" height=\"300\" srcset=\"https:\/\/whiskywahn.de\/wp-content\/uploads\/2019\/05\/BAnff_1971_300.jpg 300w, https:\/\/whiskywahn.de\/wp-content\/uploads\/2019\/05\/BAnff_1971_300-150x150.jpg 150w\" sizes=\"auto, (max-width: 300px) 100vw, 300px\" \/><\/a>Dead Whisky Society<\/h5>\n<p><strong>Alkoholgehalt<\/strong>: 53.3%<\/p>\n<p><strong>Abf\u00fcller<\/strong>: Dead Whisky Society<br \/><br class=\"clear\"><\/p>\n<h5><a href=\"http:\/\/www.whiskywahn.de\/wp-content\/uploads\/2009\/10\/MOS_Banff_300.jpg\"><img loading=\"lazy\" decoding=\"async\" class=\"alignleft size-full wp-image-1777\" title=\"MOS_Banff_300\" src=\"http:\/\/www.whiskywahn.de\/wp-content\/uploads\/2009\/10\/MOS_Banff_300.jpg\" alt=\"\" width=\"300\" height=\"300\" srcset=\"https:\/\/whiskywahn.de\/wp-content\/uploads\/2009\/10\/MOS_Banff_300.jpg 300w, https:\/\/whiskywahn.de\/wp-content\/uploads\/2009\/10\/MOS_Banff_300-150x150.jpg 150w\" sizes=\"auto, (max-width: 300px) 100vw, 300px\" \/><\/a>Malt of Scotland 1975<\/h5>\n<p><strong>Alkoholgehalt<\/strong>: 43.8%<\/p>\n<p><strong>Cask<\/strong>: Bourbon<\/p>\n<p><strong>Abf\u00fcller<\/strong>: Malts of Scotland<br \/><br class=\"clear\"><\/p>\n<h5><a href=\"http:\/\/www.whiskywahn.de\/wp-content\/uploads\/2009\/10\/Banff_Rattray_300.jpg\"><img loading=\"lazy\" decoding=\"async\" class=\"alignleft size-full wp-image-1259\" title=\"Banff_Rattray_300\" src=\"http:\/\/www.whiskywahn.de\/wp-content\/uploads\/2009\/10\/Banff_Rattray_300.jpg\" alt=\"\" width=\"300\" height=\"300\" srcset=\"https:\/\/whiskywahn.de\/wp-content\/uploads\/2009\/10\/Banff_Rattray_300.jpg 300w, https:\/\/whiskywahn.de\/wp-content\/uploads\/2009\/10\/Banff_Rattray_300-150x150.jpg 150w\" sizes=\"auto, (max-width: 300px) 100vw, 300px\" \/><\/a>Cask Selection<\/h5>\n<p><strong>Alkoholgehalt:<\/strong> 44,1 %<\/p>\n<p><strong>Cask Type<\/strong><strong>:<\/strong> Bourbon<\/p>\n<p><strong>Abf\u00fcller<\/strong>: A. D. Rattray<br \/><br class=\"clear\"><br class=\"clear\"><\/p>\n<h5><img loading=\"lazy\" decoding=\"async\" class=\"alignleft size-full wp-image-672\" title=\"BanffGordonMacPhail1976\" src=\"http:\/\/www.whiskywahn.de\/wp-content\/uploads\/2009\/10\/BanffGordonMacPhail1976.jpg\" alt=\"BanffGordonMacPhail1976\" width=\"300\" height=\"300\" srcset=\"https:\/\/whiskywahn.de\/wp-content\/uploads\/2009\/10\/BanffGordonMacPhail1976.jpg 300w, https:\/\/whiskywahn.de\/wp-content\/uploads\/2009\/10\/BanffGordonMacPhail1976-150x150.jpg 150w\" sizes=\"auto, (max-width: 300px) 100vw, 300px\" \/>Connoisseurs Choice<\/h5>\n<p><strong>Destilliert:<\/strong> 1976<\/p>\n<p><strong>Abgef\u00fcllt:<\/strong> 2008<\/p>\n<p><strong>Alkoholgehalt:<\/strong> 43 %<\/p>\n<p><strong>Cask Type<\/strong><strong>:<\/strong> Refill Sherry Cask<\/p>\n<p><strong>Abf\u00fcller<\/strong>: Gordon &amp; MacPhail<br \/><br class=\"clear\"><br class=\"clear\"><\/p>\n","protected":false},"excerpt":{"rendered":"<p>Duncan Taylor 1975 Alkoholgehalt: 42.8% Abf\u00fcller: Duncan Taylor Dead Whisky Society Alkoholgehalt: 53.3% Abf\u00fcller: Dead Whisky Society Malt of Scotland 1975 Alkoholgehalt: 43.8% Cask: Bourbon Abf\u00fcller: Malts of Scotland Cask Selection Alkoholgehalt: 44,1 % Cask Type: Bourbon Abf\u00fcller: A. D. Rattray Connoisseurs Choice Destilliert: 1976 Abgef\u00fcllt: 2008 Alkoholgehalt: 43 % Cask Type: Refill Sherry Cask [&hellip;]<\/p>\n","protected":false},"author":1,"featured_media":0,"parent":6204,"menu_order":0,"comment_status":"closed","ping_status":"closed","template":"","meta":{"ngg_post_thumbnail":0,"footnotes":""},"class_list":["post-6004","page","type-page","status-publish","hentry","post-preview"],"_links":{"self":[{"href":"https:\/\/whiskywahn.de\/index.php?rest_route=\/wp\/v2\/pages\/6004","targetHints":{"allow":["GET"]}}],"collection":[{"href":"https:\/\/whiskywahn.de\/index.php?rest_route=\/wp\/v2\/pages"}],"about":[{"href":"https:\/\/whiskywahn.de\/index.php?rest_route=\/wp\/v2\/types\/page"}],"author":[{"embeddable":true,"href":"https:\/\/whiskywahn.de\/index.php?rest_route=\/wp\/v2\/users\/1"}],"replies":[{"embeddable":true,"href":"https:\/\/whiskywahn.de\/index.php?rest_route=%2Fwp%2Fv2%2Fcomments&post=6004"}],"version-history":[{"count":1,"href":"https:\/\/whiskywahn.de\/index.php?rest_route=\/wp\/v2\/pages\/6004\/revisions"}],"predecessor-version":[{"id":6005,"href":"https:\/\/whiskywahn.de\/index.php?rest_route=\/wp\/v2\/pages\/6004\/revisions\/6005"}],"up":[{"embeddable":true,"href":"https:\/\/whiskywahn.de\/index.php?rest_route=\/wp\/v2\/pages\/6204"}],"wp:attachment":[{"href":"https:\/\/whiskywahn.de\/index.php?rest_route=%2Fwp%2Fv2%2Fmedia&parent=6004"}],"curies":[{"name":"wp","href":"https:\/\/api.w.org\/{rel}","templated":true}]}}