{"id":6015,"date":"2024-10-03T20:17:13","date_gmt":"2024-10-03T18:17:13","guid":{"rendered":"https:\/\/whiskywahn.de\/?page_id=6015"},"modified":"2024-10-03T22:14:21","modified_gmt":"2024-10-03T20:14:21","slug":"blended-malt","status":"publish","type":"page","link":"https:\/\/whiskywahn.de\/?page_id=6015","title":{"rendered":":: Blended Malt"},"content":{"rendered":"<p><strong><img loading=\"lazy\" decoding=\"async\" class=\"alignleft size-medium wp-image-5404\" src=\"https:\/\/whiskywahn.de\/wp-content\/uploads\/2022\/03\/GreatRoadWest_300-300x300.jpg\" alt=\"\" width=\"300\" height=\"300\" srcset=\"https:\/\/whiskywahn.de\/wp-content\/uploads\/2022\/03\/GreatRoadWest_300.jpg 300w, https:\/\/whiskywahn.de\/wp-content\/uploads\/2022\/03\/GreatRoadWest_300-150x150.jpg 150w\" sizes=\"auto, (max-width: 300px) 100vw, 300px\" \/><\/strong><\/p>\n<h5>The Great Road West<\/h5>\n<p><strong>Alkohol<\/strong>: 45%<\/p>\n<p><strong>Abf\u00fcller<\/strong>: Claxton<br \/>\n<br class=\"clear\"><br class=\"clear\"><\/p>\n<h5><img loading=\"lazy\" decoding=\"async\" class=\"alignleft size-medium wp-image-5325\" src=\"https:\/\/whiskywahn.de\/wp-content\/uploads\/2021\/05\/Blended_Malt1991_300-300x300.jpg\" alt=\"\" width=\"300\" height=\"300\" srcset=\"https:\/\/whiskywahn.de\/wp-content\/uploads\/2021\/05\/Blended_Malt1991_300.jpg 300w, https:\/\/whiskywahn.de\/wp-content\/uploads\/2021\/05\/Blended_Malt1991_300-150x150.jpg 150w\" sizes=\"auto, (max-width: 300px) 100vw, 300px\" \/>2001<\/h5>\n<p><strong>Alkohol<\/strong>: 44.2%<\/p>\n<p><strong>Abf\u00fcller<\/strong>: Thompson Bros<br \/>\n<br class=\"clear\"><br class=\"clear\"><br \/>\n<a href=\"http:\/\/www.whiskywahn.de\/?attachment_id=3686\" rel=\"attachment wp-att-3686\"><img loading=\"lazy\" decoding=\"async\" class=\"alignleft size-full wp-image-3686\" src=\"http:\/\/www.whiskywahn.de\/wp-content\/uploads\/2016\/10\/Blend_Geburtstag_300.jpg\" alt=\"blend_geburtstag_300\" width=\"300\" height=\"300\" srcset=\"https:\/\/whiskywahn.de\/wp-content\/uploads\/2016\/10\/Blend_Geburtstag_300.jpg 300w, https:\/\/whiskywahn.de\/wp-content\/uploads\/2016\/10\/Blend_Geburtstag_300-150x150.jpg 150w\" sizes=\"auto, (max-width: 300px) 100vw, 300px\" \/><\/a><\/p>\n<h5>Birthdays united<\/h5>\n<p><strong>Alkohol<\/strong>: 45.6%<\/p>\n<p><strong>Abf\u00fcller<\/strong>: Whisky Agency<br \/>\n<br class=\"clear\"><br class=\"clear\"><\/p>\n","protected":false},"excerpt":{"rendered":"<p>The Great Road West Alkohol: 45% Abf\u00fcller: Claxton 2001 Alkohol: 44.2% Abf\u00fcller: Thompson Bros Birthdays united Alkohol: 45.6% Abf\u00fcller: Whisky Agency<\/p>\n","protected":false},"author":1,"featured_media":0,"parent":6204,"menu_order":0,"comment_status":"closed","ping_status":"closed","template":"","meta":{"ngg_post_thumbnail":0,"footnotes":""},"class_list":["post-6015","page","type-page","status-publish","hentry","post-preview"],"_links":{"self":[{"href":"https:\/\/whiskywahn.de\/index.php?rest_route=\/wp\/v2\/pages\/6015","targetHints":{"allow":["GET"]}}],"collection":[{"href":"https:\/\/whiskywahn.de\/index.php?rest_route=\/wp\/v2\/pages"}],"about":[{"href":"https:\/\/whiskywahn.de\/index.php?rest_route=\/wp\/v2\/types\/page"}],"author":[{"embeddable":true,"href":"https:\/\/whiskywahn.de\/index.php?rest_route=\/wp\/v2\/users\/1"}],"replies":[{"embeddable":true,"href":"https:\/\/whiskywahn.de\/index.php?rest_route=%2Fwp%2Fv2%2Fcomments&post=6015"}],"version-history":[{"count":1,"href":"https:\/\/whiskywahn.de\/index.php?rest_route=\/wp\/v2\/pages\/6015\/revisions"}],"predecessor-version":[{"id":6016,"href":"https:\/\/whiskywahn.de\/index.php?rest_route=\/wp\/v2\/pages\/6015\/revisions\/6016"}],"up":[{"embeddable":true,"href":"https:\/\/whiskywahn.de\/index.php?rest_route=\/wp\/v2\/pages\/6204"}],"wp:attachment":[{"href":"https:\/\/whiskywahn.de\/index.php?rest_route=%2Fwp%2Fv2%2Fmedia&parent=6015"}],"curies":[{"name":"wp","href":"https:\/\/api.w.org\/{rel}","templated":true}]}}