{"id":6071,"date":"2024-10-03T20:53:35","date_gmt":"2024-10-03T18:53:35","guid":{"rendered":"https:\/\/whiskywahn.de\/?page_id=6071"},"modified":"2025-12-15T20:58:43","modified_gmt":"2025-12-15T18:58:43","slug":"glen-moray","status":"publish","type":"page","link":"https:\/\/whiskywahn.de\/?page_id=6071","title":{"rendered":":: Glen Moray"},"content":{"rendered":"<h5><img loading=\"lazy\" decoding=\"async\" class=\"alignleft size-full wp-image-6677\" src=\"https:\/\/whiskywahn.de\/wp-content\/uploads\/2025\/12\/GlenMoray_PeatedFino_300.jpg\" alt=\"\" width=\"300\" height=\"300\" srcset=\"https:\/\/whiskywahn.de\/wp-content\/uploads\/2025\/12\/GlenMoray_PeatedFino_300.jpg 300w, https:\/\/whiskywahn.de\/wp-content\/uploads\/2025\/12\/GlenMoray_PeatedFino_300-150x150.jpg 150w\" sizes=\"auto, (max-width: 300px) 100vw, 300px\" \/>Private Cask &#8211; peated fino<\/h5>\n<p><strong>Alter<\/strong>: 10 Jahre<\/p>\n<p><strong>Alkoholgehalt<\/strong>: 58.5%<br \/>\n<br class=\"clear\"><br class=\"clear\"><\/p>\n<h5><img loading=\"lazy\" decoding=\"async\" class=\"alignleft size-full wp-image-6652\" src=\"https:\/\/whiskywahn.de\/wp-content\/uploads\/2025\/08\/whiskyland_glen-moray_300.jpg\" alt=\"\" width=\"300\" height=\"300\" srcset=\"https:\/\/whiskywahn.de\/wp-content\/uploads\/2025\/08\/whiskyland_glen-moray_300.jpg 300w, https:\/\/whiskywahn.de\/wp-content\/uploads\/2025\/08\/whiskyland_glen-moray_300-150x150.jpg 150w\" sizes=\"auto, (max-width: 300px) 100vw, 300px\" \/>Whiskyland Chapter seventeen<\/h5>\n<p><strong>Alter<\/strong>: 31 Jahre<\/p>\n<p><strong>Alkoholgehalt<\/strong>: 50.5%<\/p>\n<p><strong>Abf\u00fcller<\/strong>: Decadent Drinks<br \/>\n<br class=\"clear\"><br class=\"clear\"><\/p>\n<h5><img loading=\"lazy\" decoding=\"async\" class=\"alignleft size-full wp-image-6588\" src=\"https:\/\/whiskywahn.de\/wp-content\/uploads\/2025\/03\/35.386_300.jpg\" alt=\"\" width=\"300\" height=\"300\" srcset=\"https:\/\/whiskywahn.de\/wp-content\/uploads\/2025\/03\/35.386_300.jpg 300w, https:\/\/whiskywahn.de\/wp-content\/uploads\/2025\/03\/35.386_300-150x150.jpg 150w\" sizes=\"auto, (max-width: 300px) 100vw, 300px\" \/>35.386 A Cup of Kindness<\/h5>\n<p><strong>Alter<\/strong>: 28 Jahre<\/p>\n<p><strong>Alkoholgehalt<\/strong>: 55.6%<\/p>\n<p><strong>Abf\u00fcller<\/strong>: SMWS<br \/>\n<br class=\"clear\"><br class=\"clear\"><br \/>\n<img loading=\"lazy\" decoding=\"async\" class=\"alignleft size-full wp-image-5970\" src=\"https:\/\/whiskywahn.de\/wp-content\/uploads\/2024\/08\/GlenMoray_Sponge99_300.jpg\" alt=\"\" width=\"300\" height=\"300\" srcset=\"https:\/\/whiskywahn.de\/wp-content\/uploads\/2024\/08\/GlenMoray_Sponge99_300.jpg 300w, https:\/\/whiskywahn.de\/wp-content\/uploads\/2024\/08\/GlenMoray_Sponge99_300-150x150.jpg 150w\" sizes=\"auto, (max-width: 300px) 100vw, 300px\" \/>Whisky Sponge Edition no.99<\/p>\n<p><strong>Alter<\/strong>: 32 Jahre<\/p>\n<p><strong>Alkoholgehalt<\/strong>: 57.1%<\/p>\n<p><strong>Abf\u00fcller<\/strong>: Decadent Drinks<br \/>\n<br class=\"clear\"><br class=\"clear\"><\/p>\n<h5><a href=\"http:\/\/www.whiskywahn.de\/?attachment_id=4843\" rel=\"attachment wp-att-4843\"><img loading=\"lazy\" decoding=\"async\" class=\"alignleft size-full wp-image-4843\" src=\"http:\/\/www.whiskywahn.de\/wp-content\/uploads\/2019\/03\/GlenMoray_Sponge_300.jpg\" alt=\"\" width=\"300\" height=\"300\" srcset=\"https:\/\/whiskywahn.de\/wp-content\/uploads\/2019\/03\/GlenMoray_Sponge_300.jpg 300w, https:\/\/whiskywahn.de\/wp-content\/uploads\/2019\/03\/GlenMoray_Sponge_300-150x150.jpg 150w\" sizes=\"auto, (max-width: 300px) 100vw, 300px\" \/><\/a>Whisky Sponge Edition no.1<\/h5>\n<p><strong>Alter<\/strong>: 38 Jahre<\/p>\n<p><strong>Alkoholgehalt<\/strong>: 49.1%<\/p>\n<p><strong>Abf\u00fcller<\/strong>:WhiskySponge&amp;CopperMonument Collaboration<br \/>\n<br class=\"clear\"><br class=\"clear\"><\/p>\n<h5><a href=\"http:\/\/www.whiskywahn.de\/wp-content\/uploads\/2018\/12\/GlenMoray_1959_300.jpg\"><img loading=\"lazy\" decoding=\"async\" class=\"size-full wp-image-4800 alignleft\" src=\"http:\/\/www.whiskywahn.de\/wp-content\/uploads\/2018\/12\/GlenMoray_1959_300.jpg\" alt=\"\" width=\"300\" height=\"300\" srcset=\"https:\/\/whiskywahn.de\/wp-content\/uploads\/2018\/12\/GlenMoray_1959_300.jpg 300w, https:\/\/whiskywahn.de\/wp-content\/uploads\/2018\/12\/GlenMoray_1959_300-150x150.jpg 150w\" sizes=\"auto, (max-width: 300px) 100vw, 300px\" \/><\/a>1959<\/h5>\n<p><strong>Alter<\/strong>: 40 Jahre<\/p>\n<p><strong>Alkoholgehalt<\/strong>: 50.9%<\/p>\n<p><br class=\"clear\"><br class=\"clear\"><br \/>\n<a href=\"http:\/\/www.whiskywahn.de\/?attachment_id=4322\" rel=\"attachment wp-att-4322\"><img loading=\"lazy\" decoding=\"async\" class=\"alignleft size-full wp-image-4322\" src=\"http:\/\/www.whiskywahn.de\/wp-content\/uploads\/2018\/01\/GlenMoray_300.jpg\" alt=\"\" width=\"300\" height=\"300\" srcset=\"https:\/\/whiskywahn.de\/wp-content\/uploads\/2018\/01\/GlenMoray_300.jpg 300w, https:\/\/whiskywahn.de\/wp-content\/uploads\/2018\/01\/GlenMoray_300-150x150.jpg 150w\" sizes=\"auto, (max-width: 300px) 100vw, 300px\" \/><\/a><\/p>\n<h5>30 Jahre<\/h5>\n<p><strong>Alter<\/strong>: 30 Jahre<\/p>\n<p><strong>Alkoholgehalt<\/strong>: 43%<\/p>\n<p><br class=\"clear\"><br class=\"clear\"><br \/>\n<a href=\"http:\/\/www.whiskywahn.de\/?attachment_id=3457\" rel=\"attachment wp-att-3457\"><img loading=\"lazy\" decoding=\"async\" class=\"alignleft size-full wp-image-3457\" src=\"http:\/\/www.whiskywahn.de\/wp-content\/uploads\/2009\/10\/Cadenheads_GlenMoray_300.jpg\" alt=\"Cadenheads_GlenMoray_300\" width=\"300\" height=\"300\" srcset=\"https:\/\/whiskywahn.de\/wp-content\/uploads\/2009\/10\/Cadenheads_GlenMoray_300.jpg 300w, https:\/\/whiskywahn.de\/wp-content\/uploads\/2009\/10\/Cadenheads_GlenMoray_300-150x150.jpg 150w\" sizes=\"auto, (max-width: 300px) 100vw, 300px\" \/><\/a><\/p>\n<h5>Small batch<\/h5>\n<p><strong>Alter<\/strong>: 17 Jahre<\/p>\n<p><strong>Alkoholgehalt<\/strong>: 55.8%<\/p>\n<p><strong>Abf\u00fcller<\/strong>: Cadenhead<br \/>\n<br class=\"clear\"><br class=\"clear\"><br \/>\n<a href=\"http:\/\/www.whiskywahn.de\/wp-content\/uploads\/2009\/10\/35.102_300.jpg\"><img loading=\"lazy\" decoding=\"async\" class=\"alignleft size-full wp-image-3070\" src=\"http:\/\/www.whiskywahn.de\/wp-content\/uploads\/2009\/10\/35.102_300.jpg\" alt=\"35.102_300\" width=\"300\" height=\"300\" srcset=\"https:\/\/whiskywahn.de\/wp-content\/uploads\/2009\/10\/35.102_300.jpg 300w, https:\/\/whiskywahn.de\/wp-content\/uploads\/2009\/10\/35.102_300-150x150.jpg 150w\" sizes=\"auto, (max-width: 300px) 100vw, 300px\" \/><\/a><\/p>\n<h5>35.102 Sophisticated and self-assured<\/h5>\n<p><strong>Alter<\/strong>: 39 Jahre<\/p>\n<p><strong>Alkoholgehalt<\/strong>: 52.1%<\/p>\n<p><strong>Abf\u00fcller<\/strong>: SMWS<br \/>\n<br class=\"clear\"><br class=\"clear\"><br \/>\n<a href=\"http:\/\/www.whiskywahn.de\/wp-content\/uploads\/2009\/10\/GlenMoray_Moor_300.jpg\"><img loading=\"lazy\" decoding=\"async\" class=\"alignleft size-full wp-image-2531\" src=\"http:\/\/www.whiskywahn.de\/wp-content\/uploads\/2009\/10\/GlenMoray_Moor_300.jpg\" alt=\"GlenMoray_Moor_300\" width=\"300\" height=\"300\" srcset=\"https:\/\/whiskywahn.de\/wp-content\/uploads\/2009\/10\/GlenMoray_Moor_300.jpg 300w, https:\/\/whiskywahn.de\/wp-content\/uploads\/2009\/10\/GlenMoray_Moor_300-150x150.jpg 150w\" sizes=\"auto, (max-width: 300px) 100vw, 300px\" \/><\/a><\/p>\n<h5>MO \u00d2R Whisky Collection<\/h5>\n<p><strong>release no. 11<\/strong><\/p>\n<p><strong>Alter<\/strong>: 39 Jahre<\/p>\n<p><strong>Alkoholgehal<\/strong>t: 46%<\/p>\n<p><strong>Abf\u00fcller<\/strong>: MO \u00d2R Whisky<br \/>\n<br class=\"clear\"><br class=\"clear\"><br \/>\n<a href=\"http:\/\/www.whiskywahn.de\/wp-content\/uploads\/2009\/10\/GlenMoray_Handbotteled_300.jpg\"><img loading=\"lazy\" decoding=\"async\" class=\"alignleft size-full wp-image-2123\" title=\"GlenMoray_Handbotteled_300\" src=\"http:\/\/www.whiskywahn.de\/wp-content\/uploads\/2009\/10\/GlenMoray_Handbotteled_300.jpg\" alt=\"\" width=\"300\" height=\"300\" srcset=\"https:\/\/whiskywahn.de\/wp-content\/uploads\/2009\/10\/GlenMoray_Handbotteled_300.jpg 300w, https:\/\/whiskywahn.de\/wp-content\/uploads\/2009\/10\/GlenMoray_Handbotteled_300-150x150.jpg 150w\" sizes=\"auto, (max-width: 300px) 100vw, 300px\" \/><\/a><\/p>\n<h5>Distillery Selection Handbottled<\/h5>\n<p><strong>Alter<\/strong>: 11 Jahre<\/p>\n<p><strong>Alkoholgehal<\/strong>t: 62.4%<\/p>\n<p><br class=\"clear\"><br class=\"clear\"><\/p>\n<h5><a href=\"http:\/\/www.whiskywahn.de\/wp-content\/uploads\/2009\/10\/35.65_300.jpg\"><img loading=\"lazy\" decoding=\"async\" class=\"alignleft size-full wp-image-1982\" title=\"35.65_300\" src=\"http:\/\/www.whiskywahn.de\/wp-content\/uploads\/2009\/10\/35.65_300.jpg\" alt=\"\" width=\"300\" height=\"300\" srcset=\"https:\/\/whiskywahn.de\/wp-content\/uploads\/2009\/10\/35.65_300.jpg 300w, https:\/\/whiskywahn.de\/wp-content\/uploads\/2009\/10\/35.65_300-150x150.jpg 150w\" sizes=\"auto, (max-width: 300px) 100vw, 300px\" \/><\/a>35.65 Cornish Clotted Cream Ice Cream<\/h5>\n<p><strong>Alter<\/strong>: 10 Jahre<\/p>\n<p><strong>Alkoholgehalt<\/strong>: 60.3%<\/p>\n<p><strong>Abf\u00fcller<\/strong>: SMWS<br \/>\n<br class=\"clear\"><br class=\"clear\"><\/p>\n<h5><a href=\"http:\/\/www.whiskywahn.de\/wp-content\/uploads\/2009\/10\/GlenMoray_TWA_3rivers_300.jpg\"><img loading=\"lazy\" decoding=\"async\" class=\"alignleft size-full wp-image-1801\" title=\"GlenMoray_TWA_3rivers_300\" src=\"http:\/\/www.whiskywahn.de\/wp-content\/uploads\/2009\/10\/GlenMoray_TWA_3rivers_300.jpg\" alt=\"\" width=\"300\" height=\"300\" srcset=\"https:\/\/whiskywahn.de\/wp-content\/uploads\/2009\/10\/GlenMoray_TWA_3rivers_300.jpg 300w, https:\/\/whiskywahn.de\/wp-content\/uploads\/2009\/10\/GlenMoray_TWA_3rivers_300-150x150.jpg 150w\" sizes=\"auto, (max-width: 300px) 100vw, 300px\" \/><\/a>Glen Moray 1977<\/h5>\n<p><strong>Alkoholgehalt<\/strong>: 51.8%<\/p>\n<p><strong>Alter<\/strong>: 35 Jahre<\/p>\n<p><strong>Abf\u00fcller<\/strong>: The Whisky Agency \/ three rivers Tokyo<\/p>\n<p><br class=\"clear\"><br class=\"clear\"><\/p>\n<h5><a href=\"http:\/\/www.whiskywahn.de\/wp-content\/uploads\/2009\/10\/GlenMoray_Stiefelchen_300.jpg\"><img loading=\"lazy\" decoding=\"async\" class=\"alignleft size-full wp-image-1722\" title=\"GlenMoray_Stiefelchen_300\" src=\"http:\/\/www.whiskywahn.de\/wp-content\/uploads\/2009\/10\/GlenMoray_Stiefelchen_300.jpg\" alt=\"\" width=\"300\" height=\"300\" srcset=\"https:\/\/whiskywahn.de\/wp-content\/uploads\/2009\/10\/GlenMoray_Stiefelchen_300.jpg 300w, https:\/\/whiskywahn.de\/wp-content\/uploads\/2009\/10\/GlenMoray_Stiefelchen_300-150x150.jpg 150w\" sizes=\"auto, (max-width: 300px) 100vw, 300px\" \/><\/a>Hand bottled for Stiefelchen<\/h5>\n<p><strong>Alter<\/strong>: 13 Jahre<\/p>\n<p><strong>Alkoholgehal<\/strong>t: 58.6<\/p>\n<p><br class=\"clear\"><br class=\"clear\"><\/p>\n<h5><a href=\"http:\/\/www.whiskywahn.de\/wp-content\/uploads\/2009\/10\/GlenMalthead_300.jpg\"><img loading=\"lazy\" decoding=\"async\" class=\"alignleft size-full wp-image-1562\" title=\"GlenMalthead_300\" src=\"http:\/\/www.whiskywahn.de\/wp-content\/uploads\/2009\/10\/GlenMalthead_300.jpg\" alt=\"\" width=\"300\" height=\"300\" srcset=\"https:\/\/whiskywahn.de\/wp-content\/uploads\/2009\/10\/GlenMalthead_300.jpg 300w, https:\/\/whiskywahn.de\/wp-content\/uploads\/2009\/10\/GlenMalthead_300-150x150.jpg 150w\" sizes=\"auto, (max-width: 300px) 100vw, 300px\" \/><\/a>Glen Malthead<\/h5>\n<p><strong>Alkoholgehalt<\/strong>: 59%<\/p>\n<p><strong>Abf\u00fcller<\/strong>: Malt of Scotland for Maltheads United Treffen<br \/>\n<br class=\"clear\"><br class=\"clear\"><br \/>\n<a href=\"http:\/\/www.whiskywahn.de\/wp-content\/uploads\/2009\/10\/GlenMoray_MoutainOak_3001.jpg\"><img loading=\"lazy\" decoding=\"async\" class=\"alignleft size-full wp-image-1340\" title=\"GlenMoray_MoutainOak_300\" src=\"http:\/\/www.whiskywahn.de\/wp-content\/uploads\/2009\/10\/GlenMoray_MoutainOak_3001.jpg\" alt=\"\" width=\"300\" height=\"300\" srcset=\"https:\/\/whiskywahn.de\/wp-content\/uploads\/2009\/10\/GlenMoray_MoutainOak_3001.jpg 300w, https:\/\/whiskywahn.de\/wp-content\/uploads\/2009\/10\/GlenMoray_MoutainOak_3001-150x150.jpg 150w\" sizes=\"auto, (max-width: 300px) 100vw, 300px\" \/><\/a><\/p>\n<h5>Mountain Oak &#8211; Final Release-<\/h5>\n<p><strong>Alter<\/strong>: 16 Jahre<\/p>\n<p><strong>Alkoholgehalt<\/strong>: 58,6%<\/p>\n<p><br class=\"clear\"><br class=\"clear\"><\/p>\n<h5><a href=\"http:\/\/www.whiskywahn.de\/wp-content\/uploads\/2009\/10\/GlenMoray_forGunhild_300.jpg\"><img loading=\"lazy\" decoding=\"async\" class=\"alignleft size-full wp-image-1292\" title=\"GlenMoray_forGunhild_300\" src=\"http:\/\/www.whiskywahn.de\/wp-content\/uploads\/2009\/10\/GlenMoray_forGunhild_300.jpg\" alt=\"\" width=\"300\" height=\"300\" srcset=\"https:\/\/whiskywahn.de\/wp-content\/uploads\/2009\/10\/GlenMoray_forGunhild_300.jpg 300w, https:\/\/whiskywahn.de\/wp-content\/uploads\/2009\/10\/GlenMoray_forGunhild_300-150x150.jpg 150w\" sizes=\"auto, (max-width: 300px) 100vw, 300px\" \/><\/a><\/h5>\n<h5>Distillery Selection for Gunhild R\u00fcbekeil<\/h5>\n<p><strong>Alter<\/strong>: 15 Jahre<\/p>\n<p><strong>Alkoholgehalt<\/strong>: 58,7%<br \/>\n<br class=\"clear\"><br class=\"clear\"><\/p>\n<p><a href=\"http:\/\/www.whiskywahn.de\/wp-content\/uploads\/2009\/10\/GlenMoray_TD-36yo_300.jpg\"><img loading=\"lazy\" decoding=\"async\" class=\"alignleft size-full wp-image-1138\" title=\"GlenMoray_TD-36yo_300\" src=\"http:\/\/www.whiskywahn.de\/wp-content\/uploads\/2009\/10\/GlenMoray_TD-36yo_300.jpg\" alt=\"\" width=\"300\" height=\"300\" srcset=\"https:\/\/whiskywahn.de\/wp-content\/uploads\/2009\/10\/GlenMoray_TD-36yo_300.jpg 300w, https:\/\/whiskywahn.de\/wp-content\/uploads\/2009\/10\/GlenMoray_TD-36yo_300-150x150.jpg 150w\" sizes=\"auto, (max-width: 300px) 100vw, 300px\" \/><\/a><\/p>\n<h5>Rare Auld<\/h5>\n<p><strong>Alter<\/strong>: 36 Jahre<\/p>\n<p><strong>Alkoholgehalt<\/strong>: 53,1 %<\/p>\n<p><strong>Cask Type<\/strong>: Cask 7037<\/p>\n<p><strong>Abf\u00fcller<\/strong>: Duncan Taylor<br \/>\n<br class=\"clear\"><br class=\"clear\"><br \/>\n<a href=\"http:\/\/www.whiskywahn.de\/wp-content\/uploads\/2009\/10\/GlenMoray_TD_300.jpg\"><img loading=\"lazy\" decoding=\"async\" class=\"alignleft size-full wp-image-871\" title=\"GlenMoray_TD_300\" src=\"http:\/\/www.whiskywahn.de\/wp-content\/uploads\/2009\/10\/GlenMoray_TD_300.jpg\" alt=\"\" width=\"300\" height=\"300\" srcset=\"https:\/\/whiskywahn.de\/wp-content\/uploads\/2009\/10\/GlenMoray_TD_300.jpg 300w, https:\/\/whiskywahn.de\/wp-content\/uploads\/2009\/10\/GlenMoray_TD_300-150x150.jpg 150w\" sizes=\"auto, (max-width: 300px) 100vw, 300px\" \/><\/a><\/p>\n<h5>Rare Auld<\/h5>\n<p><strong>Alter<\/strong>: 26 Jahre<\/p>\n<p><strong>Alkoholgehalt<\/strong>: 54,6 %<\/p>\n<p><strong>Cask Type<\/strong>: Cask 3202<\/p>\n<p><strong>Abf\u00fcller<\/strong>: Duncan Taylor<br \/>\n<br class=\"clear\"><br class=\"clear\"><\/p>\n<p><img loading=\"lazy\" decoding=\"async\" class=\"alignleft size-full wp-image-666\" title=\"GlenMoray300\" src=\"http:\/\/www.whiskywahn.de\/wp-content\/uploads\/2009\/10\/GlenMoray300.jpg\" alt=\"GlenMoray300\" width=\"300\" height=\"300\" srcset=\"https:\/\/whiskywahn.de\/wp-content\/uploads\/2009\/10\/GlenMoray300.jpg 300w, https:\/\/whiskywahn.de\/wp-content\/uploads\/2009\/10\/GlenMoray300-150x150.jpg 150w\" sizes=\"auto, (max-width: 300px) 100vw, 300px\" \/><\/p>\n<h5>Distillery Selection<\/h5>\n<p><strong>Destilliert:<\/strong> 2000<\/p>\n<p><strong>Abgef\u00fcllt:<\/strong> 08.10.2009<\/p>\n<p><strong>Cask Type<\/strong><strong>:<\/strong> Bourbon Casks 730<\/p>\n<p><strong>Alkoholgehalt:<\/strong> 58,7 %<\/p>\n<p><br class=\"clear\"><br class=\"clear\"><\/p>\n","protected":false},"excerpt":{"rendered":"<p>Private Cask &#8211; peated fino Alter: 10 Jahre Alkoholgehalt: 58.5% Whiskyland Chapter seventeen Alter: 31 Jahre Alkoholgehalt: 50.5% Abf\u00fcller: Decadent Drinks 35.386 A Cup of Kindness Alter: 28 Jahre Alkoholgehalt: 55.6% Abf\u00fcller: SMWS Whisky Sponge Edition no.99 Alter: 32 Jahre Alkoholgehalt: 57.1% Abf\u00fcller: Decadent Drinks Whisky Sponge Edition no.1 Alter: 38 Jahre Alkoholgehalt: 49.1% Abf\u00fcller:WhiskySponge&amp;CopperMonument [&hellip;]<\/p>\n","protected":false},"author":1,"featured_media":0,"parent":6204,"menu_order":0,"comment_status":"closed","ping_status":"closed","template":"","meta":{"ngg_post_thumbnail":0,"footnotes":""},"class_list":["post-6071","page","type-page","status-publish","hentry","post-preview"],"_links":{"self":[{"href":"https:\/\/whiskywahn.de\/index.php?rest_route=\/wp\/v2\/pages\/6071","targetHints":{"allow":["GET"]}}],"collection":[{"href":"https:\/\/whiskywahn.de\/index.php?rest_route=\/wp\/v2\/pages"}],"about":[{"href":"https:\/\/whiskywahn.de\/index.php?rest_route=\/wp\/v2\/types\/page"}],"author":[{"embeddable":true,"href":"https:\/\/whiskywahn.de\/index.php?rest_route=\/wp\/v2\/users\/1"}],"replies":[{"embeddable":true,"href":"https:\/\/whiskywahn.de\/index.php?rest_route=%2Fwp%2Fv2%2Fcomments&post=6071"}],"version-history":[{"count":6,"href":"https:\/\/whiskywahn.de\/index.php?rest_route=\/wp\/v2\/pages\/6071\/revisions"}],"predecessor-version":[{"id":6682,"href":"https:\/\/whiskywahn.de\/index.php?rest_route=\/wp\/v2\/pages\/6071\/revisions\/6682"}],"up":[{"embeddable":true,"href":"https:\/\/whiskywahn.de\/index.php?rest_route=\/wp\/v2\/pages\/6204"}],"wp:attachment":[{"href":"https:\/\/whiskywahn.de\/index.php?rest_route=%2Fwp%2Fv2%2Fmedia&parent=6071"}],"curies":[{"name":"wp","href":"https:\/\/api.w.org\/{rel}","templated":true}]}}