{"id":6129,"date":"2024-10-03T21:25:14","date_gmt":"2024-10-03T19:25:14","guid":{"rendered":"https:\/\/whiskywahn.de\/?page_id=6129"},"modified":"2024-10-03T22:25:41","modified_gmt":"2024-10-03T20:25:41","slug":"linkwood","status":"publish","type":"page","link":"https:\/\/whiskywahn.de\/?page_id=6129","title":{"rendered":":: Linkwood"},"content":{"rendered":"<h5><a href=\"http:\/\/www.whiskywahn.de\/wp-content\/uploads\/2019\/01\/Linkwood_1990_30Sig_300.jpg\"><img loading=\"lazy\" decoding=\"async\" class=\"alignleft size-full wp-image-4804\" src=\"http:\/\/www.whiskywahn.de\/wp-content\/uploads\/2019\/01\/Linkwood_1990_30Sig_300.jpg\" alt=\"\" width=\"300\" height=\"300\" srcset=\"https:\/\/whiskywahn.de\/wp-content\/uploads\/2019\/01\/Linkwood_1990_30Sig_300.jpg 300w, https:\/\/whiskywahn.de\/wp-content\/uploads\/2019\/01\/Linkwood_1990_30Sig_300-150x150.jpg 150w\" sizes=\"auto, (max-width: 300px) 100vw, 300px\" \/><\/a>30th Anniversary Signatory Vintage<\/h5>\n<p><strong>Alter<\/strong>: 27<\/p>\n<p><strong>Alkohol<\/strong>: 50.3%<\/p>\n<p><strong>Abf\u00fcller<\/strong>: Signatory Vintage<br \/>\n<br class=\"clear\"><br class=\"clear\"><\/p>\n<h5><a href=\"http:\/\/www.whiskywahn.de\/?attachment_id=4218\" rel=\"attachment wp-att-4218\"><img loading=\"lazy\" decoding=\"async\" class=\"alignleft size-full wp-image-4218\" src=\"http:\/\/www.whiskywahn.de\/wp-content\/uploads\/2009\/07\/DFDS_Linkwood_300.jpg\" alt=\"\" width=\"300\" height=\"300\" srcset=\"https:\/\/whiskywahn.de\/wp-content\/uploads\/2009\/07\/DFDS_Linkwood_300.jpg 300w, https:\/\/whiskywahn.de\/wp-content\/uploads\/2009\/07\/DFDS_Linkwood_300-150x150.jpg 150w\" sizes=\"auto, (max-width: 300px) 100vw, 300px\" \/><\/a>150 years DFDS Anniversary Collection<\/h5>\n<p><strong>Alter<\/strong>: 26<\/p>\n<p><strong>Alkohol<\/strong>: 53.1%<\/p>\n<p><strong>Abf\u00fcller<\/strong>: Braunstein Distillery for DSDF Seaways<\/p>\n<p><br class=\"clear\"><br class=\"clear\"><\/p>\n<h5><a href=\"http:\/\/www.whiskywahn.de\/wp-content\/uploads\/2009\/07\/Linkwood_17yo_Chieftains_pinotnoir_300.jpg\"><img loading=\"lazy\" decoding=\"async\" class=\"alignleft size-full wp-image-927\" title=\"Linkwood_17yo_Chieftains_pinotnoir_300\" src=\"http:\/\/www.whiskywahn.de\/wp-content\/uploads\/2009\/07\/Linkwood_17yo_Chieftains_pinotnoir_300.jpg\" alt=\"\" width=\"300\" height=\"300\" srcset=\"https:\/\/whiskywahn.de\/wp-content\/uploads\/2009\/07\/Linkwood_17yo_Chieftains_pinotnoir_300.jpg 300w, https:\/\/whiskywahn.de\/wp-content\/uploads\/2009\/07\/Linkwood_17yo_Chieftains_pinotnoir_300-150x150.jpg 150w\" sizes=\"auto, (max-width: 300px) 100vw, 300px\" \/><\/a>Chieftain\u00b4s Choice<\/h5>\n<p><strong>Alkohol<\/strong>: 46,0 %<\/p>\n<p><strong>Destilliert<\/strong>: 1992<\/p>\n<p><strong>Ausbau<\/strong>: fr\u00e4nk. Pinot Noir Wein Finish<\/p>\n<p><strong>Abf\u00fcller<\/strong>: Ian MacLeod<\/p>\n<p><br class=\"clear\"><br class=\"clear\"><\/p>\n<p><img loading=\"lazy\" decoding=\"async\" class=\"alignleft size-full wp-image-414\" title=\"1998 Adelphi Selection\" src=\"http:\/\/www.whiskywahn.de\/wp-content\/uploads\/2009\/07\/linkwood_adelphi.jpg\" alt=\"1998 Adelphi Selection\" width=\"300\" height=\"300\" srcset=\"https:\/\/whiskywahn.de\/wp-content\/uploads\/2009\/07\/linkwood_adelphi.jpg 300w, https:\/\/whiskywahn.de\/wp-content\/uploads\/2009\/07\/linkwood_adelphi-150x150.jpg 150w\" sizes=\"auto, (max-width: 300px) 100vw, 300px\" \/><\/p>\n<h5>1989 Adelphi Selection<\/h5>\n<p><strong>Alter<\/strong>: 18<\/p>\n<p><strong>Alkohol<\/strong>: 55,6%<\/p>\n<p><strong>Destilliert<\/strong>: 1989<\/p>\n<p><strong>Ausbau<\/strong>: Sherry Cask<\/p>\n<p><strong>Abf\u00fcller<\/strong>: Adelphi<\/p>\n<p><br class=\"clear\"><br class=\"clear\"><\/p>\n","protected":false},"excerpt":{"rendered":"<p>30th Anniversary Signatory Vintage Alter: 27 Alkohol: 50.3% Abf\u00fcller: Signatory Vintage 150 years DFDS Anniversary Collection Alter: 26 Alkohol: 53.1% Abf\u00fcller: Braunstein Distillery for DSDF Seaways Chieftain\u00b4s Choice Alkohol: 46,0 % Destilliert: 1992 Ausbau: fr\u00e4nk. Pinot Noir Wein Finish Abf\u00fcller: Ian MacLeod 1989 Adelphi Selection Alter: 18 Alkohol: 55,6% Destilliert: 1989 Ausbau: Sherry Cask Abf\u00fcller: [&hellip;]<\/p>\n","protected":false},"author":1,"featured_media":0,"parent":6204,"menu_order":0,"comment_status":"closed","ping_status":"closed","template":"","meta":{"ngg_post_thumbnail":0,"footnotes":""},"class_list":["post-6129","page","type-page","status-publish","hentry","post-preview"],"_links":{"self":[{"href":"https:\/\/whiskywahn.de\/index.php?rest_route=\/wp\/v2\/pages\/6129","targetHints":{"allow":["GET"]}}],"collection":[{"href":"https:\/\/whiskywahn.de\/index.php?rest_route=\/wp\/v2\/pages"}],"about":[{"href":"https:\/\/whiskywahn.de\/index.php?rest_route=\/wp\/v2\/types\/page"}],"author":[{"embeddable":true,"href":"https:\/\/whiskywahn.de\/index.php?rest_route=\/wp\/v2\/users\/1"}],"replies":[{"embeddable":true,"href":"https:\/\/whiskywahn.de\/index.php?rest_route=%2Fwp%2Fv2%2Fcomments&post=6129"}],"version-history":[{"count":1,"href":"https:\/\/whiskywahn.de\/index.php?rest_route=\/wp\/v2\/pages\/6129\/revisions"}],"predecessor-version":[{"id":6130,"href":"https:\/\/whiskywahn.de\/index.php?rest_route=\/wp\/v2\/pages\/6129\/revisions\/6130"}],"up":[{"embeddable":true,"href":"https:\/\/whiskywahn.de\/index.php?rest_route=\/wp\/v2\/pages\/6204"}],"wp:attachment":[{"href":"https:\/\/whiskywahn.de\/index.php?rest_route=%2Fwp%2Fv2%2Fmedia&parent=6129"}],"curies":[{"name":"wp","href":"https:\/\/api.w.org\/{rel}","templated":true}]}}