{"id":6131,"date":"2024-10-03T21:27:36","date_gmt":"2024-10-03T19:27:36","guid":{"rendered":"https:\/\/whiskywahn.de\/?page_id=6131"},"modified":"2024-10-03T22:25:53","modified_gmt":"2024-10-03T20:25:53","slug":"littlemill","status":"publish","type":"page","link":"https:\/\/whiskywahn.de\/?page_id=6131","title":{"rendered":":: Littlemill"},"content":{"rendered":"<h5><a href=\"http:\/\/www.whiskywahn.de\/wp-content\/uploads\/2012\/10\/Littlemill_Pan_gal_Whisky_blaster_300.jpg\"><img loading=\"lazy\" decoding=\"async\" class=\"alignleft size-full wp-image-2705\" src=\"http:\/\/www.whiskywahn.de\/wp-content\/uploads\/2012\/10\/Littlemill_Pan_gal_Whisky_blaster_300.jpg\" alt=\"Littlemill_Pan_gal_Whisky_blaster_300\" width=\"300\" height=\"300\" srcset=\"https:\/\/whiskywahn.de\/wp-content\/uploads\/2012\/10\/Littlemill_Pan_gal_Whisky_blaster_300.jpg 300w, https:\/\/whiskywahn.de\/wp-content\/uploads\/2012\/10\/Littlemill_Pan_gal_Whisky_blaster_300-150x150.jpg 150w\" sizes=\"auto, (max-width: 300px) 100vw, 300px\" \/><\/a><br \/>\nLittlemill selected by pan-galactic whisky blasters<\/h5>\n<p><strong>Alter<\/strong>: 23 Jahre<\/p>\n<p><strong>Alkoholgehalt<\/strong>: 51.1%<\/p>\n<p><strong>Abf\u00fcller<\/strong>: Liquid Sun<br \/>\n<br class=\"clear\" \/><br class=\"clear\" \/><\/p>\n<h5><a href=\"http:\/\/www.whiskywahn.de\/?attachment_id=2177\" rel=\"attachment wp-att-2177\"><img loading=\"lazy\" decoding=\"async\" class=\"alignleft size-full wp-image-2177\" src=\"http:\/\/www.whiskywahn.de\/wp-content\/uploads\/2012\/10\/Littlemill_PDWhiskyschiff_2012_30.jpg\" alt=\"Littlemill_PDWhiskyschiff_2012_30\" width=\"300\" height=\"300\" srcset=\"https:\/\/whiskywahn.de\/wp-content\/uploads\/2012\/10\/Littlemill_PDWhiskyschiff_2012_30.jpg 300w, https:\/\/whiskywahn.de\/wp-content\/uploads\/2012\/10\/Littlemill_PDWhiskyschiff_2012_30-150x150.jpg 150w\" sizes=\"auto, (max-width: 300px) 100vw, 300px\" \/><\/a>Littlemill for Whiskyschiff Z\u00fcrich 2012<\/h5>\n<p><strong>Alter<\/strong>: 23 Jahre<\/p>\n<p><strong>Alkoholgehalt<\/strong>: 52.7%<\/p>\n<p><strong>Abf\u00fcller<\/strong>: The Perfect Dram<br \/>\n<br class=\"clear\" \/><br class=\"clear\" \/><br \/>\n<a href=\"http:\/\/www.whiskywahn.de\/wp-content\/uploads\/2012\/10\/Littlemill_GlenFahrn_300.jpg\"><img loading=\"lazy\" decoding=\"async\" class=\"alignleft size-full wp-image-2070\" title=\"Littlemill_GlenFahrn_300\" src=\"http:\/\/www.whiskywahn.de\/wp-content\/uploads\/2012\/10\/Littlemill_GlenFahrn_300.jpg\" alt=\"\" width=\"300\" height=\"300\" srcset=\"https:\/\/whiskywahn.de\/wp-content\/uploads\/2012\/10\/Littlemill_GlenFahrn_300.jpg 300w, https:\/\/whiskywahn.de\/wp-content\/uploads\/2012\/10\/Littlemill_GlenFahrn_300-150x150.jpg 150w\" sizes=\"auto, (max-width: 300px) 100vw, 300px\" \/><\/a><\/p>\n<h5>Airline 03<\/h5>\n<p><strong>Alter<\/strong>: 22 Jahre<\/p>\n<p><strong>Alkoholgehalt<\/strong>: 55.1%<\/p>\n<p><strong>Abf\u00fcller<\/strong>: Glen Fahrn Germany<br \/>\n<br class=\"clear\" \/><br class=\"clear\" \/><\/p>\n","protected":false},"excerpt":{"rendered":"<p>Littlemill selected by pan-galactic whisky blasters Alter: 23 Jahre Alkoholgehalt: 51.1% Abf\u00fcller: Liquid Sun Littlemill for Whiskyschiff Z\u00fcrich 2012 Alter: 23 Jahre Alkoholgehalt: 52.7% Abf\u00fcller: The Perfect Dram Airline 03 Alter: 22 Jahre Alkoholgehalt: 55.1% Abf\u00fcller: Glen Fahrn Germany<\/p>\n","protected":false},"author":1,"featured_media":0,"parent":6204,"menu_order":0,"comment_status":"closed","ping_status":"closed","template":"","meta":{"ngg_post_thumbnail":0,"footnotes":""},"class_list":["post-6131","page","type-page","status-publish","hentry","post-preview"],"_links":{"self":[{"href":"https:\/\/whiskywahn.de\/index.php?rest_route=\/wp\/v2\/pages\/6131","targetHints":{"allow":["GET"]}}],"collection":[{"href":"https:\/\/whiskywahn.de\/index.php?rest_route=\/wp\/v2\/pages"}],"about":[{"href":"https:\/\/whiskywahn.de\/index.php?rest_route=\/wp\/v2\/types\/page"}],"author":[{"embeddable":true,"href":"https:\/\/whiskywahn.de\/index.php?rest_route=\/wp\/v2\/users\/1"}],"replies":[{"embeddable":true,"href":"https:\/\/whiskywahn.de\/index.php?rest_route=%2Fwp%2Fv2%2Fcomments&post=6131"}],"version-history":[{"count":1,"href":"https:\/\/whiskywahn.de\/index.php?rest_route=\/wp\/v2\/pages\/6131\/revisions"}],"predecessor-version":[{"id":6132,"href":"https:\/\/whiskywahn.de\/index.php?rest_route=\/wp\/v2\/pages\/6131\/revisions\/6132"}],"up":[{"embeddable":true,"href":"https:\/\/whiskywahn.de\/index.php?rest_route=\/wp\/v2\/pages\/6204"}],"wp:attachment":[{"href":"https:\/\/whiskywahn.de\/index.php?rest_route=%2Fwp%2Fv2%2Fmedia&parent=6131"}],"curies":[{"name":"wp","href":"https:\/\/api.w.org\/{rel}","templated":true}]}}