{"id":6153,"date":"2024-10-03T21:36:11","date_gmt":"2024-10-03T19:36:11","guid":{"rendered":"https:\/\/whiskywahn.de\/?page_id=6153"},"modified":"2024-10-03T22:28:30","modified_gmt":"2024-10-03T20:28:30","slug":"port-ellen","status":"publish","type":"page","link":"https:\/\/whiskywahn.de\/?page_id=6153","title":{"rendered":":: Port Ellen"},"content":{"rendered":"<h5><img loading=\"lazy\" decoding=\"async\" class=\"alignleft size-medium wp-image-5410\" src=\"https:\/\/whiskywahn.de\/wp-content\/uploads\/2022\/03\/PE76_300-300x300.jpg\" alt=\"\" width=\"300\" height=\"300\" srcset=\"https:\/\/whiskywahn.de\/wp-content\/uploads\/2022\/03\/PE76_300.jpg 300w, https:\/\/whiskywahn.de\/wp-content\/uploads\/2022\/03\/PE76_300-150x150.jpg 150w\" sizes=\"auto, (max-width: 300px) 100vw, 300px\" \/>Vintage 1976<\/h5>\n<p><strong>Alkoholgehalt<\/strong>: 55.9%<\/p>\n<p><strong>Abf\u00fcller<\/strong>: Signatory Vintage<\/p>\n<p><br class=\"clear\"><br class=\"clear\"><\/p>\n<h5><a href=\"http:\/\/www.whiskywahn.de\/?attachment_id=4895\" rel=\"attachment wp-att-4895\"><img loading=\"lazy\" decoding=\"async\" class=\"alignleft size-full wp-image-4895\" src=\"http:\/\/www.whiskywahn.de\/wp-content\/uploads\/2019\/08\/PortEllen_OMC76_300.jpg\" alt=\"\" width=\"291\" height=\"291\" srcset=\"https:\/\/whiskywahn.de\/wp-content\/uploads\/2019\/08\/PortEllen_OMC76_300.jpg 291w, https:\/\/whiskywahn.de\/wp-content\/uploads\/2019\/08\/PortEllen_OMC76_300-150x150.jpg 150w\" sizes=\"auto, (max-width: 291px) 100vw, 291px\" \/><\/a>Old Malt Cask<\/h5>\n<p><strong>Alkoholgehalt<\/strong>: 50%<\/p>\n<p><strong>Abf\u00fcller<\/strong>: Douglas Lanig<\/p>\n<p><br class=\"clear\"><br class=\"clear\"><br \/>\n<a href=\"http:\/\/www.whiskywahn.de\/?attachment_id=3532\" rel=\"attachment wp-att-3532\"><img loading=\"lazy\" decoding=\"async\" class=\"alignleft size-full wp-image-3532\" src=\"http:\/\/www.whiskywahn.de\/wp-content\/uploads\/2009\/07\/Port-Ellen_Monnier_Oldtimer_300.jpg\" alt=\"Port Ellen_Monnier_Oldtimer_300\" width=\"300\" height=\"300\" srcset=\"https:\/\/whiskywahn.de\/wp-content\/uploads\/2009\/07\/Port-Ellen_Monnier_Oldtimer_300.jpg 300w, https:\/\/whiskywahn.de\/wp-content\/uploads\/2009\/07\/Port-Ellen_Monnier_Oldtimer_300-150x150.jpg 150w\" sizes=\"auto, (max-width: 300px) 100vw, 300px\" \/><\/a><\/p>\n<h5>Oldtimer Collection<\/h5>\n<p><strong>Alkoholgehalt<\/strong>: 55.2%<\/p>\n<p><strong>Abf\u00fcller<\/strong>: Monnier Trading<\/p>\n<p><br class=\"clear\"><br class=\"clear\"><\/p>\n<h5><a href=\"http:\/\/www.whiskywahn.de\/wp-content\/uploads\/2009\/07\/SSMC_PortEllen_300.jpg\"><img loading=\"lazy\" decoding=\"async\" class=\"alignleft size-full wp-image-1803\" title=\"SSMC_PortEllen_300\" src=\"http:\/\/www.whiskywahn.de\/wp-content\/uploads\/2009\/07\/SSMC_PortEllen_300.jpg\" alt=\"\" width=\"300\" height=\"300\" srcset=\"https:\/\/whiskywahn.de\/wp-content\/uploads\/2009\/07\/SSMC_PortEllen_300.jpg 300w, https:\/\/whiskywahn.de\/wp-content\/uploads\/2009\/07\/SSMC_PortEllen_300-150x150.jpg 150w\" sizes=\"auto, (max-width: 300px) 100vw, 300px\" \/><\/a>SSMC Port Ellen 29 Jahre<\/h5>\n<p><strong>Alkoholgehalt<\/strong>: 55.5%<\/p>\n<p><strong>Abf\u00fcller<\/strong>: Scotch Single Malt Circle<\/p>\n<p><br class=\"clear\"><br class=\"clear\"><\/p>\n<h5><a href=\"http:\/\/www.whiskywahn.de\/wp-content\/uploads\/2009\/07\/Pe3_3001.jpg\"><img loading=\"lazy\" decoding=\"async\" class=\"alignleft size-full wp-image-1278\" title=\"Pe3_300\" src=\"http:\/\/www.whiskywahn.de\/wp-content\/uploads\/2009\/07\/Pe3_3001.jpg\" alt=\"\" width=\"300\" height=\"300\" srcset=\"https:\/\/whiskywahn.de\/wp-content\/uploads\/2009\/07\/Pe3_3001.jpg 300w, https:\/\/whiskywahn.de\/wp-content\/uploads\/2009\/07\/Pe3_3001-150x150.jpg 150w\" sizes=\"auto, (max-width: 300px) 100vw, 300px\" \/><\/a>Elements of Islay<\/h5>\n<p><strong>Alkoholgehalt<\/strong>: 54,8%<\/p>\n<p><strong>Abf\u00fcller<\/strong>: Speciality Drinks Ltd.<br \/>\n<br class=\"clear\"><br class=\"clear\"><\/p>\n<p><a href=\"http:\/\/www.whiskywahn.de\/wp-content\/uploads\/2009\/07\/Pe2_3001.jpg\"><img loading=\"lazy\" decoding=\"async\" class=\"alignleft size-full wp-image-1030\" title=\"Pe2_300\" src=\"http:\/\/www.whiskywahn.de\/wp-content\/uploads\/2009\/07\/Pe2_3001.jpg\" alt=\"\" width=\"300\" height=\"300\" srcset=\"https:\/\/whiskywahn.de\/wp-content\/uploads\/2009\/07\/Pe2_3001.jpg 300w, https:\/\/whiskywahn.de\/wp-content\/uploads\/2009\/07\/Pe2_3001-150x150.jpg 150w\" sizes=\"auto, (max-width: 300px) 100vw, 300px\" \/><\/a><\/p>\n<h5>Elements of Islay<\/h5>\n<p><strong>Alkoholgehalt:<\/strong> 59,75%<\/p>\n<p><strong>Abf\u00fcller:<\/strong> Speciality Drinks Ltd.<br \/>\n<br class=\"clear\"><br class=\"clear\"><\/p>\n<p><img loading=\"lazy\" decoding=\"async\" class=\"alignleft size-full wp-image-440\" title=\"McGibbon's Provenance\" src=\"http:\/\/www.whiskywahn.de\/wp-content\/uploads\/2009\/07\/portellen_provenance.jpg\" alt=\"McGibbon's Provenance\" width=\"300\" height=\"300\" srcset=\"https:\/\/whiskywahn.de\/wp-content\/uploads\/2009\/07\/portellen_provenance.jpg 300w, https:\/\/whiskywahn.de\/wp-content\/uploads\/2009\/07\/portellen_provenance-150x150.jpg 150w\" sizes=\"auto, (max-width: 300px) 100vw, 300px\" \/><\/p>\n<h5>McGibbon&#8217;s Provenance<\/h5>\n<p><strong>Alter<\/strong>: 24<\/p>\n<p><strong>Alkohol<\/strong>: 46%<\/p>\n<p><strong>Destilliert<\/strong>: 1983<\/p>\n<p><strong>Abf\u00fcller<\/strong>: Douglas Laing<br \/>\n<br class=\"clear\"><br class=\"clear\"><\/p>\n<p><img loading=\"lazy\" decoding=\"async\" class=\"alignleft size-full wp-image-720\" title=\"Elements_Pe1_300\" src=\"http:\/\/www.whiskywahn.de\/wp-content\/uploads\/2009\/07\/Elements_Pe1_300.jpg\" alt=\"Elements_Pe1_300\" width=\"300\" height=\"300\" srcset=\"https:\/\/whiskywahn.de\/wp-content\/uploads\/2009\/07\/Elements_Pe1_300.jpg 300w, https:\/\/whiskywahn.de\/wp-content\/uploads\/2009\/07\/Elements_Pe1_300-150x150.jpg 150w\" sizes=\"auto, (max-width: 300px) 100vw, 300px\" \/><\/p>\n<h5>Elements of Islay<\/h5>\n<p><strong>Alkoholgehalt:<\/strong> 58,7 %<\/p>\n<p><strong>Abf\u00fcller:<\/strong> Speciality Drinks Ltd.<br \/>\n<br class=\"clear\"><br class=\"clear\"><\/p>\n","protected":false},"excerpt":{"rendered":"<p>Vintage 1976 Alkoholgehalt: 55.9% Abf\u00fcller: Signatory Vintage Old Malt Cask Alkoholgehalt: 50% Abf\u00fcller: Douglas Lanig Oldtimer Collection Alkoholgehalt: 55.2% Abf\u00fcller: Monnier Trading SSMC Port Ellen 29 Jahre Alkoholgehalt: 55.5% Abf\u00fcller: Scotch Single Malt Circle Elements of Islay Alkoholgehalt: 54,8% Abf\u00fcller: Speciality Drinks Ltd. Elements of Islay Alkoholgehalt: 59,75% Abf\u00fcller: Speciality Drinks Ltd. McGibbon&#8217;s Provenance Alter: [&hellip;]<\/p>\n","protected":false},"author":1,"featured_media":0,"parent":6204,"menu_order":0,"comment_status":"closed","ping_status":"closed","template":"","meta":{"ngg_post_thumbnail":0,"footnotes":""},"class_list":["post-6153","page","type-page","status-publish","hentry","post-preview"],"_links":{"self":[{"href":"https:\/\/whiskywahn.de\/index.php?rest_route=\/wp\/v2\/pages\/6153","targetHints":{"allow":["GET"]}}],"collection":[{"href":"https:\/\/whiskywahn.de\/index.php?rest_route=\/wp\/v2\/pages"}],"about":[{"href":"https:\/\/whiskywahn.de\/index.php?rest_route=\/wp\/v2\/types\/page"}],"author":[{"embeddable":true,"href":"https:\/\/whiskywahn.de\/index.php?rest_route=\/wp\/v2\/users\/1"}],"replies":[{"embeddable":true,"href":"https:\/\/whiskywahn.de\/index.php?rest_route=%2Fwp%2Fv2%2Fcomments&post=6153"}],"version-history":[{"count":1,"href":"https:\/\/whiskywahn.de\/index.php?rest_route=\/wp\/v2\/pages\/6153\/revisions"}],"predecessor-version":[{"id":6154,"href":"https:\/\/whiskywahn.de\/index.php?rest_route=\/wp\/v2\/pages\/6153\/revisions\/6154"}],"up":[{"embeddable":true,"href":"https:\/\/whiskywahn.de\/index.php?rest_route=\/wp\/v2\/pages\/6204"}],"wp:attachment":[{"href":"https:\/\/whiskywahn.de\/index.php?rest_route=%2Fwp%2Fv2%2Fmedia&parent=6153"}],"curies":[{"name":"wp","href":"https:\/\/api.w.org\/{rel}","templated":true}]}}