{"id":6174,"date":"2024-10-03T21:45:12","date_gmt":"2024-10-03T19:45:12","guid":{"rendered":"https:\/\/whiskywahn.de\/?page_id=6174"},"modified":"2024-10-03T22:30:31","modified_gmt":"2024-10-03T20:30:31","slug":"tomantin","status":"publish","type":"page","link":"https:\/\/whiskywahn.de\/?page_id=6174","title":{"rendered":":: Tomantin"},"content":{"rendered":"<h5><a href=\"http:\/\/www.whiskywahn.de\/wp-content\/uploads\/2011\/10\/Tomatin_Monnier_300.jpg\"><img loading=\"lazy\" decoding=\"async\" class=\"alignleft size-full wp-image-2217\" alt=\"Tomatin_Monnier_300\" src=\"http:\/\/www.whiskywahn.de\/wp-content\/uploads\/2011\/10\/Tomatin_Monnier_300.jpg\" width=\"300\" height=\"300\" srcset=\"https:\/\/whiskywahn.de\/wp-content\/uploads\/2011\/10\/Tomatin_Monnier_300.jpg 300w, https:\/\/whiskywahn.de\/wp-content\/uploads\/2011\/10\/Tomatin_Monnier_300-150x150.jpg 150w\" sizes=\"auto, (max-width: 300px) 100vw, 300px\" \/><\/a>30 years Monnier Trading AG<\/h5>\n<p><strong>Alter<\/strong>: 34 Jahre<\/p>\n<p><strong>Alkoholgehalt<\/strong>: 52.1%<\/p>\n<p><strong>Abf\u00fcller<\/strong>: Monnier<\/p>\n<p><br class=\"clear\" \/><br class=\"clear\" \/><\/p>\n<h5><a href=\"http:\/\/www.whiskywahn.de\/wp-content\/uploads\/2011\/10\/TWA_tomatin_1976_300.jpg\"><img loading=\"lazy\" decoding=\"async\" class=\"alignleft size-full wp-image-1674\" title=\"TWA_tomatin_1976_300\" alt=\"\" src=\"http:\/\/www.whiskywahn.de\/wp-content\/uploads\/2011\/10\/TWA_tomatin_1976_300.jpg\" width=\"300\" height=\"300\" srcset=\"https:\/\/whiskywahn.de\/wp-content\/uploads\/2011\/10\/TWA_tomatin_1976_300.jpg 300w, https:\/\/whiskywahn.de\/wp-content\/uploads\/2011\/10\/TWA_tomatin_1976_300-150x150.jpg 150w\" sizes=\"auto, (max-width: 300px) 100vw, 300px\" \/><\/a>Tomatin &#8222;Crocodiles&#8220;<\/h5>\n<p><strong>Alter<\/strong>: 34 Jahre<\/p>\n<p><strong>Alkoholgehalt<\/strong>: 51.3%<\/p>\n<p><strong>Abf\u00fcller<\/strong>: The Whisky Agency<\/p>\n<p><br class=\"clear\" \/><br class=\"clear\" \/><\/p>\n<h5><a href=\"http:\/\/www.whiskywahn.de\/wp-content\/uploads\/2011\/10\/Tomatin45_300.jpg\"><img loading=\"lazy\" decoding=\"async\" class=\"alignleft size-full wp-image-1625\" title=\"Tomatin45_300\" alt=\"\" src=\"http:\/\/www.whiskywahn.de\/wp-content\/uploads\/2011\/10\/Tomatin45_300.jpg\" width=\"300\" height=\"300\" srcset=\"https:\/\/whiskywahn.de\/wp-content\/uploads\/2011\/10\/Tomatin45_300.jpg 300w, https:\/\/whiskywahn.de\/wp-content\/uploads\/2011\/10\/Tomatin45_300-150x150.jpg 150w\" sizes=\"auto, (max-width: 300px) 100vw, 300px\" \/><\/a>Tomatin<\/h5>\n<p><strong>Alter<\/strong>: 45 Jahre<\/p>\n<p><strong>Alkoholgehalt<\/strong>:46.1%<\/p>\n<p><strong>Abf\u00fcller<\/strong>: The Whisky Agency &amp; The Nectar<br \/>\n<br class=\"clear\" \/><br class=\"clear\" \/><\/p>\n","protected":false},"excerpt":{"rendered":"<p>30 years Monnier Trading AG Alter: 34 Jahre Alkoholgehalt: 52.1% Abf\u00fcller: Monnier Tomatin &#8222;Crocodiles&#8220; Alter: 34 Jahre Alkoholgehalt: 51.3% Abf\u00fcller: The Whisky Agency Tomatin Alter: 45 Jahre Alkoholgehalt:46.1% Abf\u00fcller: The Whisky Agency &amp; The Nectar<\/p>\n","protected":false},"author":1,"featured_media":0,"parent":6204,"menu_order":0,"comment_status":"closed","ping_status":"closed","template":"","meta":{"ngg_post_thumbnail":0,"footnotes":""},"class_list":["post-6174","page","type-page","status-publish","hentry","post-preview"],"_links":{"self":[{"href":"https:\/\/whiskywahn.de\/index.php?rest_route=\/wp\/v2\/pages\/6174","targetHints":{"allow":["GET"]}}],"collection":[{"href":"https:\/\/whiskywahn.de\/index.php?rest_route=\/wp\/v2\/pages"}],"about":[{"href":"https:\/\/whiskywahn.de\/index.php?rest_route=\/wp\/v2\/types\/page"}],"author":[{"embeddable":true,"href":"https:\/\/whiskywahn.de\/index.php?rest_route=\/wp\/v2\/users\/1"}],"replies":[{"embeddable":true,"href":"https:\/\/whiskywahn.de\/index.php?rest_route=%2Fwp%2Fv2%2Fcomments&post=6174"}],"version-history":[{"count":1,"href":"https:\/\/whiskywahn.de\/index.php?rest_route=\/wp\/v2\/pages\/6174\/revisions"}],"predecessor-version":[{"id":6175,"href":"https:\/\/whiskywahn.de\/index.php?rest_route=\/wp\/v2\/pages\/6174\/revisions\/6175"}],"up":[{"embeddable":true,"href":"https:\/\/whiskywahn.de\/index.php?rest_route=\/wp\/v2\/pages\/6204"}],"wp:attachment":[{"href":"https:\/\/whiskywahn.de\/index.php?rest_route=%2Fwp%2Fv2%2Fmedia&parent=6174"}],"curies":[{"name":"wp","href":"https:\/\/api.w.org\/{rel}","templated":true}]}}