{"id":6178,"date":"2024-10-03T21:47:15","date_gmt":"2024-10-03T19:47:15","guid":{"rendered":"https:\/\/whiskywahn.de\/?page_id=6178"},"modified":"2025-03-30T16:51:28","modified_gmt":"2025-03-30T14:51:28","slug":"unbekannte-blended-malt","status":"publish","type":"page","link":"https:\/\/whiskywahn.de\/?page_id=6178","title":{"rendered":":: Unbekannte (Blended Malts)"},"content":{"rendered":"<h5><img loading=\"lazy\" decoding=\"async\" class=\"alignleft size-full wp-image-6593\" src=\"https:\/\/whiskywahn.de\/wp-content\/uploads\/2025\/03\/NotForYou_Lapfroaig_300.jpg\" alt=\"\" width=\"300\" height=\"300\" srcset=\"https:\/\/whiskywahn.de\/wp-content\/uploads\/2025\/03\/NotForYou_Lapfroaig_300.jpg 300w, https:\/\/whiskywahn.de\/wp-content\/uploads\/2025\/03\/NotForYou_Lapfroaig_300-150x150.jpg 150w\" sizes=\"auto, (max-width: 300px) 100vw, 300px\" \/>Islay Single Malt1989<\/h5>\n<p><strong>Alkohol<\/strong>: 47.7%<\/p>\n<p><strong>Alter<\/strong>: 27 Jahre<\/p>\n<p><strong>Abf\u00fcller<\/strong>: Not for You<br \/>\n<br class=\"clear\"><br class=\"clear\"><\/p>\n<h5><img loading=\"lazy\" decoding=\"async\" class=\"alignleft size-full wp-image-5912\" src=\"https:\/\/whiskywahn.de\/wp-content\/uploads\/2023\/12\/AnIslayArdbeg_300.jpg\" alt=\"\" width=\"300\" height=\"300\" srcset=\"https:\/\/whiskywahn.de\/wp-content\/uploads\/2023\/12\/AnIslayArdbeg_300.jpg 300w, https:\/\/whiskywahn.de\/wp-content\/uploads\/2023\/12\/AnIslayArdbeg_300-150x150.jpg 150w\" sizes=\"auto, (max-width: 300px) 100vw, 300px\" \/>An Islay (Ardbeg)<\/h5>\n<p><strong>Alkohol<\/strong>: 53.9%<\/p>\n<p><strong>Alter<\/strong>: 14 Jahre<\/p>\n<p><strong>Abf\u00fcller<\/strong>: Duncan Taylor<br \/>\n<br class=\"clear\"><br class=\"clear\"><br \/>\n<img loading=\"lazy\" decoding=\"async\" class=\"alignleft size-medium wp-image-5380\" src=\"https:\/\/whiskywahn.de\/wp-content\/uploads\/2021\/09\/Islay_1989_300-300x300.jpg\" alt=\"\" width=\"300\" height=\"300\" srcset=\"https:\/\/whiskywahn.de\/wp-content\/uploads\/2021\/09\/Islay_1989_300.jpg 300w, https:\/\/whiskywahn.de\/wp-content\/uploads\/2021\/09\/Islay_1989_300-150x150.jpg 150w\" sizes=\"auto, (max-width: 300px) 100vw, 300px\" \/><\/p>\n<h5>Islay 1989<\/h5>\n<p><strong>Alkohol<\/strong>: 52.3%<\/p>\n<p><strong>Alter<\/strong>: 31 Jahre<\/p>\n<p><strong>Abf\u00fcller<\/strong>: Thompson Bros<br \/>\n<br class=\"clear\"><br class=\"clear\"><\/p>\n<h5><img loading=\"lazy\" decoding=\"async\" class=\"alignleft size-medium wp-image-5340\" src=\"https:\/\/whiskywahn.de\/wp-content\/uploads\/2021\/07\/Islay_89_Thompson_300-300x300.jpg\" alt=\"\" width=\"300\" height=\"300\" srcset=\"https:\/\/whiskywahn.de\/wp-content\/uploads\/2021\/07\/Islay_89_Thompson_300.jpg 300w, https:\/\/whiskywahn.de\/wp-content\/uploads\/2021\/07\/Islay_89_Thompson_300-150x150.jpg 150w\" sizes=\"auto, (max-width: 300px) 100vw, 300px\" \/>Islay<\/h5>\n<p><strong>Alter<\/strong>: 31 Jahre<\/p>\n<p><strong>Alkohol<\/strong>: 51.9%<\/p>\n<p><strong>Abf\u00fcller<\/strong>: Thompson Bros<br \/>\n<br class=\"clear\"><br class=\"clear\"><\/p>\n<h5><img loading=\"lazy\" decoding=\"async\" class=\"alignleft size-medium wp-image-5238\" src=\"https:\/\/whiskywahn.de\/wp-content\/uploads\/2020\/09\/Burnside-1994_300-300x300.jpg\" alt=\"\" width=\"300\" height=\"300\" srcset=\"https:\/\/whiskywahn.de\/wp-content\/uploads\/2020\/09\/Burnside-1994_300.jpg 300w, https:\/\/whiskywahn.de\/wp-content\/uploads\/2020\/09\/Burnside-1994_300-150x150.jpg 150w\" sizes=\"auto, (max-width: 300px) 100vw, 300px\" \/>Burnside<\/h5>\n<p><strong>Alkohol<\/strong>: 51.1%<\/p>\n<p><strong>Abf\u00fcller<\/strong>: The Whisky Cask Company<br \/>\n<br class=\"clear\"><br class=\"clear\"><\/p>\n<h5><img loading=\"lazy\" decoding=\"async\" class=\"alignleft size-full wp-image-5206\" src=\"https:\/\/whiskywahn.de\/wp-content\/uploads\/2020\/05\/SecretHighland_300.jpg\" alt=\"\" width=\"300\" height=\"273\"><\/h5>\n<h5>Sercet Highland<\/h5>\n<p><strong>Alkohol<\/strong>: 49.8%<\/p>\n<p><strong>Abf\u00fcller<\/strong>: Whisky Doris<br \/>\n<br class=\"clear\"><br class=\"clear\"><\/p>\n<h5><a href=\"http:\/\/www.whiskywahn.de\/?attachment_id=4973\" rel=\"attachment wp-att-4973\"><img loading=\"lazy\" decoding=\"async\" class=\"alignleft size-full wp-image-4973\" src=\"http:\/\/www.whiskywahn.de\/wp-content\/uploads\/2019\/12\/Volxwhisky_300.jpg\" alt=\"\" width=\"300\" height=\"288\"><\/a>Volxwhisky The English Patient<\/h5>\n<p><strong>Alkohol<\/strong>: 51.9%<\/p>\n<p><strong>Abf\u00fcller<\/strong>: Slowdrink &#8211; Regensburger Whisky &amp; Weinclub<br \/>\n<br class=\"clear\"><br class=\"clear\"><br \/>\n<a href=\"http:\/\/www.whiskywahn.de\/?attachment_id=4330\" rel=\"attachment wp-att-4330\"><img loading=\"lazy\" decoding=\"async\" class=\"alignleft size-full wp-image-4330\" src=\"http:\/\/www.whiskywahn.de\/wp-content\/uploads\/2018\/03\/Speysider-73_300.jpg\" alt=\"\" width=\"300\" height=\"300\" srcset=\"https:\/\/whiskywahn.de\/wp-content\/uploads\/2018\/03\/Speysider-73_300.jpg 300w, https:\/\/whiskywahn.de\/wp-content\/uploads\/2018\/03\/Speysider-73_300-150x150.jpg 150w\" sizes=\"auto, (max-width: 300px) 100vw, 300px\" \/><\/a>Speyside region<\/p>\n<p><strong>Alkohol<\/strong>: 47.4%<\/p>\n<p><strong>Abf\u00fcller<\/strong>: East Village Whisky Company<br \/>\n<br class=\"clear\"><br class=\"clear\"><br \/>\n<a href=\"http:\/\/www.whiskywahn.de\/?attachment_id=4301\" rel=\"attachment wp-att-4301\"><img loading=\"lazy\" decoding=\"async\" class=\"alignleft size-full wp-image-4301\" src=\"http:\/\/www.whiskywahn.de\/wp-content\/uploads\/2009\/07\/Speyside73_Wedding_300.jpg\" alt=\"\" width=\"300\" height=\"300\" srcset=\"https:\/\/whiskywahn.de\/wp-content\/uploads\/2009\/07\/Speyside73_Wedding_300.jpg 300w, https:\/\/whiskywahn.de\/wp-content\/uploads\/2009\/07\/Speyside73_Wedding_300-150x150.jpg 150w\" sizes=\"auto, (max-width: 300px) 100vw, 300px\" \/><\/a>Speyside region 1973<br \/>\nfor Weddings United<\/p>\n<p><strong>Alkohol<\/strong>: 46.2%<\/p>\n<p><strong>Abf\u00fcller<\/strong>: The Whisky Agency<br \/>\n<br class=\"clear\"><br class=\"clear\"><br \/>\n<a href=\"http:\/\/www.whiskywahn.de\/?attachment_id=4048\" rel=\"attachment wp-att-4048\"><img loading=\"lazy\" decoding=\"async\" class=\"alignleft size-full wp-image-4048\" src=\"http:\/\/www.whiskywahn.de\/wp-content\/uploads\/2009\/07\/73erSpeysider_Sansibar_300.jpg\" alt=\"\" width=\"300\" height=\"300\" srcset=\"https:\/\/whiskywahn.de\/wp-content\/uploads\/2009\/07\/73erSpeysider_Sansibar_300.jpg 300w, https:\/\/whiskywahn.de\/wp-content\/uploads\/2009\/07\/73erSpeysider_Sansibar_300-150x150.jpg 150w\" sizes=\"auto, (max-width: 300px) 100vw, 300px\" \/><\/a>Speyside region 1973<\/p>\n<p><strong>Alkohol<\/strong>: 52.0%<\/p>\n<p><strong>Abf\u00fcller<\/strong>: Sansibar Whisky<br \/>\n<br class=\"clear\"><br class=\"clear\"><br \/>\n<a href=\"http:\/\/www.whiskywahn.de\/?attachment_id=3572\" rel=\"attachment wp-att-3572\"><img loading=\"lazy\" decoding=\"async\" class=\"alignleft size-full wp-image-3572\" src=\"http:\/\/www.whiskywahn.de\/wp-content\/uploads\/2009\/07\/Speyside-region_1975_300.jpg\" alt=\"Speyside region_1975_300\" width=\"300\" height=\"300\" srcset=\"https:\/\/whiskywahn.de\/wp-content\/uploads\/2009\/07\/Speyside-region_1975_300.jpg 300w, https:\/\/whiskywahn.de\/wp-content\/uploads\/2009\/07\/Speyside-region_1975_300-150x150.jpg 150w\" sizes=\"auto, (max-width: 300px) 100vw, 300px\" \/><\/a>Speyside region 1975<br \/>\nbottled for Komplex Whisky<\/p>\n<p><strong>Alkohol<\/strong>: 52.8%<\/p>\n<p><strong>Abf\u00fcller<\/strong>: Whisky Agency<br \/>\n<br class=\"clear\"><br class=\"clear\"><br \/>\n<a href=\"http:\/\/www.whiskywahn.de\/wp-content\/uploads\/2009\/07\/MOS_ImagesLighthouse_Rhinns_300.jpg\"><img loading=\"lazy\" decoding=\"async\" class=\"alignleft size-full wp-image-3119\" src=\"http:\/\/www.whiskywahn.de\/wp-content\/uploads\/2009\/07\/MOS_ImagesLighthouse_Rhinns_300.jpg\" alt=\"MOS_ImagesLighthouse_Rhinns_300\" width=\"300\" height=\"300\" srcset=\"https:\/\/whiskywahn.de\/wp-content\/uploads\/2009\/07\/MOS_ImagesLighthouse_Rhinns_300.jpg 300w, https:\/\/whiskywahn.de\/wp-content\/uploads\/2009\/07\/MOS_ImagesLighthouse_Rhinns_300-150x150.jpg 150w\" sizes=\"auto, (max-width: 300px) 100vw, 300px\" \/><\/a>Images of Isaly<br \/>\nRhinns of Islay Lighthouse (PC)<\/p>\n<p><strong>Alkohol<\/strong>: 53.2%<\/p>\n<p><strong>Abf\u00fcller<\/strong>: Malts of Scotland<br \/>\n<br class=\"clear\"><br class=\"clear\"><\/p>\n<h5><a href=\"http:\/\/www.whiskywahn.de\/wp-content\/uploads\/2009\/07\/Bunny_3001.jpg\"><img loading=\"lazy\" decoding=\"async\" class=\"alignleft size-full wp-image-1670\" title=\"Bunny_300\" src=\"http:\/\/www.whiskywahn.de\/wp-content\/uploads\/2009\/07\/Bunny_3001.jpg\" alt=\"\" width=\"300\" height=\"300\" srcset=\"https:\/\/whiskywahn.de\/wp-content\/uploads\/2009\/07\/Bunny_3001.jpg 300w, https:\/\/whiskywahn.de\/wp-content\/uploads\/2009\/07\/Bunny_3001-150x150.jpg 150w\" sizes=\"auto, (max-width: 300px) 100vw, 300px\" \/><\/a>A Bunny from Heaven (Bunnahabain)<\/h5>\n<p><strong>Alter<\/strong>: 20 Jahre<\/p>\n<p><strong>Alkoholgehalt<\/strong>:54.3%<\/p>\n<p><strong>Abf\u00fcller<\/strong>: Anam nah alba<br \/>\n<br class=\"clear\"><br class=\"clear\"><\/p>\n<h5><a href=\"http:\/\/www.whiskywahn.de\/wp-content\/uploads\/2009\/07\/Liddesdale_Batch01_300.jpg\"><img loading=\"lazy\" decoding=\"async\" class=\"alignleft size-full wp-image-1044\" title=\"Liddesdale_Batch01_300\" src=\"http:\/\/www.whiskywahn.de\/wp-content\/uploads\/2009\/07\/Liddesdale_Batch01_300.jpg\" alt=\"\" width=\"300\" height=\"300\" srcset=\"https:\/\/whiskywahn.de\/wp-content\/uploads\/2009\/07\/Liddesdale_Batch01_300.jpg 300w, https:\/\/whiskywahn.de\/wp-content\/uploads\/2009\/07\/Liddesdale_Batch01_300-150x150.jpg 150w\" sizes=\"auto, (max-width: 300px) 100vw, 300px\" \/><\/a>Liddesdale Batch Release No. 1 (Bunnahabhain)<\/h5>\n<p><strong>Alter<\/strong>: 18<\/p>\n<p><strong>Alkohol<\/strong>: 46%<\/p>\n<p><strong>Abf\u00fcller<\/strong>: Adelphi<br \/>\n<br class=\"clear\"><br class=\"clear\"><br \/>\n<a href=\"http:\/\/www.whiskywahn.de\/wp-content\/uploads\/2009\/07\/Fascadale_Batch2_300.jpg\"><img loading=\"lazy\" decoding=\"async\" class=\"alignleft size-full wp-image-922\" title=\"Fascadale_Batch2_300\" src=\"http:\/\/www.whiskywahn.de\/wp-content\/uploads\/2009\/07\/Fascadale_Batch2_300.jpg\" alt=\"\" width=\"300\" height=\"300\" srcset=\"https:\/\/whiskywahn.de\/wp-content\/uploads\/2009\/07\/Fascadale_Batch2_300.jpg 300w, https:\/\/whiskywahn.de\/wp-content\/uploads\/2009\/07\/Fascadale_Batch2_300-150x150.jpg 150w\" sizes=\"auto, (max-width: 300px) 100vw, 300px\" \/><\/a>Fascadale Batch Release No. 2 (Talisker)<\/p>\n<p><strong>Alter<\/strong>: 10<\/p>\n<p><strong>Alkohol<\/strong>: 46%<\/p>\n<p><strong>Abf\u00fcller<\/strong>: Adelphi<br \/>\n<br class=\"clear\"><br class=\"clear\"><\/p>\n<p><img loading=\"lazy\" decoding=\"async\" class=\"alignleft size-full wp-image-531\" title=\"anthonys13chieftains\" src=\"http:\/\/www.whiskywahn.de\/wp-content\/uploads\/2009\/07\/anthonys13chieftains.jpg\" alt=\"anthonys13chieftains\" width=\"300\" height=\"300\" srcset=\"https:\/\/whiskywahn.de\/wp-content\/uploads\/2009\/07\/anthonys13chieftains.jpg 300w, https:\/\/whiskywahn.de\/wp-content\/uploads\/2009\/07\/anthonys13chieftains-150x150.jpg 150w\" sizes=\"auto, (max-width: 300px) 100vw, 300px\" \/><\/p>\n<h5>Anthony&#8217;s Choice 2009 (Glenfarclas)<\/h5>\n<p><strong>Alter<\/strong>: 13<\/p>\n<p><strong>Alkohol<\/strong>: 56,1%<\/p>\n<p><strong>Destilliert<\/strong>: 1996<\/p>\n<p><strong>Abf\u00fcller<\/strong>: Chieftain&#8217;s<\/p>\n<p><br class=\"clear\"><br class=\"clear\"><\/p>\n<p><img loading=\"lazy\" decoding=\"async\" class=\"alignleft size-full wp-image-454\" title=\"Cigar Malt\" src=\"http:\/\/www.whiskywahn.de\/wp-content\/uploads\/2009\/07\/cigarmalt.jpg\" alt=\"Cigar Malt\" width=\"300\" height=\"300\" srcset=\"https:\/\/whiskywahn.de\/wp-content\/uploads\/2009\/07\/cigarmalt.jpg 300w, https:\/\/whiskywahn.de\/wp-content\/uploads\/2009\/07\/cigarmalt-150x150.jpg 150w\" sizes=\"auto, (max-width: 300px) 100vw, 300px\" \/><\/p>\n<h5>Cigar Malt<\/h5>\n<p><strong>Alter<\/strong>: 13<\/p>\n<p><strong>Alkohol<\/strong>: 54,4%<\/p>\n<p><strong>Destilliert<\/strong>: 1994<\/p>\n<p><strong>Cask Type<\/strong>: Chateau la Nerthe Finish<\/p>\n<p><strong>Abf\u00fcller<\/strong>: Chieftain&#8217;s<br \/>\n<br class=\"clear\"><br class=\"clear\"><\/p>\n<p><img loading=\"lazy\" decoding=\"async\" class=\"alignleft size-full wp-image-455\" title=\"Smokehead\" src=\"http:\/\/www.whiskywahn.de\/wp-content\/uploads\/2009\/07\/ardbeg_smokehead1.jpg\" alt=\"Smokehead\" width=\"300\" height=\"300\" srcset=\"https:\/\/whiskywahn.de\/wp-content\/uploads\/2009\/07\/ardbeg_smokehead1.jpg 300w, https:\/\/whiskywahn.de\/wp-content\/uploads\/2009\/07\/ardbeg_smokehead1-150x150.jpg 150w\" sizes=\"auto, (max-width: 300px) 100vw, 300px\" \/><\/p>\n<h5>Smokehead (Ardbeg)<\/h5>\n<p><strong>Alter<\/strong>: 7<\/p>\n<p><strong>Alkohol<\/strong>: 43%<\/p>\n<p><strong>Cask Type<\/strong>: Bourbon und Madeira<\/p>\n<p><strong>Abf\u00fcller<\/strong>: Ian MacLeod<\/p>\n<p><br class=\"clear\"><br class=\"clear\"><\/p>\n<p><img loading=\"lazy\" decoding=\"async\" class=\"alignleft size-full wp-image-456\" title=\"Smokehead 18 Years\" src=\"http:\/\/www.whiskywahn.de\/wp-content\/uploads\/2009\/07\/ardbeg_smokehead181.jpg\" alt=\"Smokehead 18 Years\" width=\"300\" height=\"300\" srcset=\"https:\/\/whiskywahn.de\/wp-content\/uploads\/2009\/07\/ardbeg_smokehead181.jpg 300w, https:\/\/whiskywahn.de\/wp-content\/uploads\/2009\/07\/ardbeg_smokehead181-150x150.jpg 150w\" sizes=\"auto, (max-width: 300px) 100vw, 300px\" \/><\/p>\n<h5>Smokehead 18 years (Ardbeg)<\/h5>\n<p><strong>Alter<\/strong>:18<\/p>\n<p><strong>Alkohol<\/strong>: 46%<\/p>\n<p><strong>Abf\u00fcller<\/strong>: Ian MacLeod<\/p>\n<p><br class=\"clear\"><br class=\"clear\"><\/p>\n<p><img loading=\"lazy\" decoding=\"async\" class=\"alignleft size-full wp-image-458\" title=\"Fascadale\" src=\"http:\/\/www.whiskywahn.de\/wp-content\/uploads\/2009\/07\/fascadale.jpg\" alt=\"Fascadale\" width=\"300\" height=\"300\" srcset=\"https:\/\/whiskywahn.de\/wp-content\/uploads\/2009\/07\/fascadale.jpg 300w, https:\/\/whiskywahn.de\/wp-content\/uploads\/2009\/07\/fascadale-150x150.jpg 150w\" sizes=\"auto, (max-width: 300px) 100vw, 300px\" \/><\/p>\n<h5>Fascadale (Talisker)<\/h5>\n<p><strong>Alter<\/strong>: 10<\/p>\n<p><strong>Alkohol<\/strong>: 46%<\/p>\n<p><strong>Abf\u00fcller<\/strong>: Adelphi<\/p>\n<p><br class=\"clear\"><br class=\"clear\"><\/p>\n<p><img loading=\"lazy\" decoding=\"async\" class=\"alignleft size-full wp-image-459\" title=\"Port Askaig 17 Years\" src=\"http:\/\/www.whiskywahn.de\/wp-content\/uploads\/2009\/07\/portaskaig17yo.jpg\" alt=\"Port Askaig 17 Years\" width=\"300\" height=\"300\" srcset=\"https:\/\/whiskywahn.de\/wp-content\/uploads\/2009\/07\/portaskaig17yo.jpg 300w, https:\/\/whiskywahn.de\/wp-content\/uploads\/2009\/07\/portaskaig17yo-150x150.jpg 150w\" sizes=\"auto, (max-width: 300px) 100vw, 300px\" \/><\/p>\n<h5>Port Askaig 17 yo (Caol Ila)<\/h5>\n<p><strong>Alter<\/strong>: 17<\/p>\n<p><strong>Alkohol<\/strong>: 45,8%<\/p>\n<p><strong>Destilliert<\/strong>: 1992<\/p>\n<p><strong>Abf\u00fcller<\/strong>: Speciality Drinks Ltd.<\/p>\n<p><br class=\"clear\"><br class=\"clear\"><\/p>\n<p><img loading=\"lazy\" decoding=\"async\" class=\"alignleft size-full wp-image-460\" title=\"Port Askaig Cask Strength\" src=\"http:\/\/www.whiskywahn.de\/wp-content\/uploads\/2009\/07\/portaskaigcs.jpg\" alt=\"Port Askaig Cask Strength\" width=\"300\" height=\"300\" srcset=\"https:\/\/whiskywahn.de\/wp-content\/uploads\/2009\/07\/portaskaigcs.jpg 300w, https:\/\/whiskywahn.de\/wp-content\/uploads\/2009\/07\/portaskaigcs-150x150.jpg 150w\" sizes=\"auto, (max-width: 300px) 100vw, 300px\" \/><\/p>\n<h5>Port Askaig Cask Strength (Caol Ila)<\/h5>\n<p><strong>Alkohol<\/strong>: 57,1%<\/p>\n<p><strong>Abf\u00fcller<\/strong>: Speciality Drinks Ltd.<\/p>\n<p><br class=\"clear\"><br class=\"clear\"><\/p>\n<p><img loading=\"lazy\" decoding=\"async\" class=\"alignleft size-full wp-image-461\" title=\"Anthony's Choice\" src=\"http:\/\/www.whiskywahn.de\/wp-content\/uploads\/2009\/07\/glenfarc_anthony.jpg\" alt=\"Anthony's Choice\" width=\"300\" height=\"300\" srcset=\"https:\/\/whiskywahn.de\/wp-content\/uploads\/2009\/07\/glenfarc_anthony.jpg 300w, https:\/\/whiskywahn.de\/wp-content\/uploads\/2009\/07\/glenfarc_anthony-150x150.jpg 150w\" sizes=\"auto, (max-width: 300px) 100vw, 300px\" \/><\/p>\n<h5>Antony&#8217;s Choice (Glenfarclas)<\/h5>\n<p><strong>Alter<\/strong>: 15<\/p>\n<p><strong>Alkohol<\/strong>: 46,3%<\/p>\n<p><strong>Destilliert<\/strong>: 1991<\/p>\n<p><strong>Cask Type<\/strong>: Sherryfass<\/p>\n<p><strong>Abf\u00fcller<\/strong>: Ian MacLeod<\/p>\n<p><br class=\"clear\"><br class=\"clear\"><\/p>\n","protected":false},"excerpt":{"rendered":"<p>Islay Single Malt1989 Alkohol: 47.7% Alter: 27 Jahre Abf\u00fcller: Not for You An Islay (Ardbeg) Alkohol: 53.9% Alter: 14 Jahre Abf\u00fcller: Duncan Taylor Islay 1989 Alkohol: 52.3% Alter: 31 Jahre Abf\u00fcller: Thompson Bros Islay Alter: 31 Jahre Alkohol: 51.9% Abf\u00fcller: Thompson Bros Burnside Alkohol: 51.1% Abf\u00fcller: The Whisky Cask Company Sercet Highland Alkohol: 49.8% Abf\u00fcller: [&hellip;]<\/p>\n","protected":false},"author":1,"featured_media":0,"parent":6204,"menu_order":0,"comment_status":"closed","ping_status":"closed","template":"","meta":{"ngg_post_thumbnail":0,"footnotes":""},"class_list":["post-6178","page","type-page","status-publish","hentry","post-preview"],"_links":{"self":[{"href":"https:\/\/whiskywahn.de\/index.php?rest_route=\/wp\/v2\/pages\/6178","targetHints":{"allow":["GET"]}}],"collection":[{"href":"https:\/\/whiskywahn.de\/index.php?rest_route=\/wp\/v2\/pages"}],"about":[{"href":"https:\/\/whiskywahn.de\/index.php?rest_route=\/wp\/v2\/types\/page"}],"author":[{"embeddable":true,"href":"https:\/\/whiskywahn.de\/index.php?rest_route=\/wp\/v2\/users\/1"}],"replies":[{"embeddable":true,"href":"https:\/\/whiskywahn.de\/index.php?rest_route=%2Fwp%2Fv2%2Fcomments&post=6178"}],"version-history":[{"count":4,"href":"https:\/\/whiskywahn.de\/index.php?rest_route=\/wp\/v2\/pages\/6178\/revisions"}],"predecessor-version":[{"id":6594,"href":"https:\/\/whiskywahn.de\/index.php?rest_route=\/wp\/v2\/pages\/6178\/revisions\/6594"}],"up":[{"embeddable":true,"href":"https:\/\/whiskywahn.de\/index.php?rest_route=\/wp\/v2\/pages\/6204"}],"wp:attachment":[{"href":"https:\/\/whiskywahn.de\/index.php?rest_route=%2Fwp%2Fv2%2Fmedia&parent=6178"}],"curies":[{"name":"wp","href":"https:\/\/api.w.org\/{rel}","templated":true}]}}